{"id":70,"date":"2018-10-25T16:05:15","date_gmt":"2018-10-25T16:05:15","guid":{"rendered":"http:\/\/polizeichor-detmold.de\/?page_id=70"},"modified":"2023-10-13T09:39:06","modified_gmt":"2023-10-13T09:39:06","slug":"die-chorleiterin","status":"publish","type":"page","link":"https:\/\/polizeichor-detmold.de\/?page_id=70","title":{"rendered":"Chorleiterin &#8211; Erinnerungen &#8211;"},"content":{"rendered":"\n<figure class=\"wp-block-image size-large is-resized\"><img loading=\"lazy\" decoding=\"async\" width=\"683\" height=\"1024\" src=\"https:\/\/polizeichor-detmold.de\/wp-content\/uploads\/2019\/12\/2017_11-POLIZEICHOR-DETMOLD-P7-IRINA-STEIN-683x1024.jpg\" alt=\"\" class=\"wp-image-513\" style=\"width:225px;height:336px\" srcset=\"https:\/\/polizeichor-detmold.de\/wp-content\/uploads\/2019\/12\/2017_11-POLIZEICHOR-DETMOLD-P7-IRINA-STEIN-683x1024.jpg 683w, https:\/\/polizeichor-detmold.de\/wp-content\/uploads\/2019\/12\/2017_11-POLIZEICHOR-DETMOLD-P7-IRINA-STEIN-200x300.jpg 200w, https:\/\/polizeichor-detmold.de\/wp-content\/uploads\/2019\/12\/2017_11-POLIZEICHOR-DETMOLD-P7-IRINA-STEIN-768x1152.jpg 768w, https:\/\/polizeichor-detmold.de\/wp-content\/uploads\/2019\/12\/2017_11-POLIZEICHOR-DETMOLD-P7-IRINA-STEIN-1024x1536.jpg 1024w, https:\/\/polizeichor-detmold.de\/wp-content\/uploads\/2019\/12\/2017_11-POLIZEICHOR-DETMOLD-P7-IRINA-STEIN-1365x2048.jpg 1365w, https:\/\/polizeichor-detmold.de\/wp-content\/uploads\/2019\/12\/2017_11-POLIZEICHOR-DETMOLD-P7-IRINA-STEIN-scaled.jpg 1706w\" sizes=\"auto, (max-width: 683px) 100vw, 683px\" \/><figcaption class=\"wp-element-caption\"> <\/figcaption><\/figure>\n\n\n<p style=\"text-align: left;\"><strong><span style=\"color: #000000;\"><span style=\"font-family: Open Sans, sans-serif;\"><span style=\"font-size: medium;\">\u00a0Irina Stein,<br \/><\/span><\/span><\/span><\/strong><span style=\"color: #000000;\"><span style=\"font-family: Open Sans, sans-serif;\"><span style=\"font-size: medium;\">\u00a0geboren am 14.September 1961 in Saran\/Kasachstan<\/span><\/span><\/span><\/p>\n<ul>\n<li><span style=\"color: #000000;\"><span style=\"font-family: Open Sans, sans-serif;\"><span style=\"font-size: medium;\">1968-1977 Schule und Musikschule<\/span><\/span><\/span><\/li>\n<li><span style=\"color: #000000;\"><span style=\"font-family: Open Sans, sans-serif;\"><span style=\"font-size: medium;\">1977-1981 P\u00e4dagogische Musikfachhochschule<\/span><\/span><\/span><\/li>\n<li><span style=\"color: #000000;\"><span style=\"font-family: Open Sans, sans-serif;\"><span style=\"font-size: medium;\">1981 Diplom Musikp\u00e4dagogin<\/span><\/span><\/span><\/li>\n<li><span style=\"color: #000000;\"><span style=\"font-family: Open Sans, sans-serif;\"><span style=\"font-size: medium;\">Seit 1981 Lehrerin f\u00fcr Klavier, Akkordeon und Keyboard<\/span><\/span><\/span><\/li>\n<li><span style=\"color: #000000;\"><span style=\"font-family: Open Sans, sans-serif;\"><span style=\"font-size: medium;\">1990 Ausreise nach Deutschland<\/span><\/span><\/span><\/li>\n<li><span style=\"color: #000000;\"><span style=\"font-family: Open Sans, sans-serif;\"><span style=\"font-size: medium;\">1991 Anerkennung des Diploms durch Rd. Erl. D. Kultusministers des Landes Nordrhein-Westfalen M\u00fcnster<\/span><\/span><\/span><\/li>\n<li><span style=\"color: #000000;\"><span style=\"font-family: Open Sans, sans-serif;\"><span style=\"font-size: medium;\">Seit 1993 Kirchenmusikerin in der Ev.-ref. Kirchengemeinde L\u00fcdenhausen<\/span><\/span><\/span><\/li>\n<li><span style=\"color: #000000;\"><span style=\"font-family: Open Sans, sans-serif;\"><span style=\"font-size: medium;\">1993-1995 Orgelunterricht beim Kreiskantor W. Westphal in Rinteln<\/span><\/span><\/span><\/li>\n<li><span style=\"color: #000000;\"><span style=\"font-family: Open Sans, sans-serif;\"><span style=\"font-size: medium;\">1994-2010 Chorleiterin des Kirchenchores der Ev.-ref. Kirchengemeinde L\u00fcdenhausen<\/span><\/span><\/span><\/li>\n<li><span style=\"color: #000000;\"><span style=\"font-family: Open Sans, sans-serif;\"><span style=\"font-size: medium;\">1995 C-Pr\u00fcfung f\u00fcr den nebenberuflichen Kirchenmusikerdienst in der Ev.-luth. Landeskirche in Hannover<\/span><\/span><\/span><\/li>\n<li><span style=\"color: #000000;\"><span style=\"font-family: Open Sans, sans-serif;\"><span style=\"font-size: medium;\">1993-2015 Chorleiterin des Frauenchores ,,Eintracht\u201d Almena<\/span><\/span><\/span><\/li>\n<li><span style=\"color: #000000;\"><span style=\"font-family: Open Sans, sans-serif;\"><span style=\"font-size: medium;\">Seit 2015 Chorleiterin des Polizeichores Detmold e.V. <\/span><\/span><\/span><\/li>\n<\/ul>","protected":false},"excerpt":{"rendered":"<p>\u00a0Irina Stein,\u00a0geboren am 14.September 1961 in Saran\/Kasachstan 1968-1977 Schule und Musikschule 1977-1981 P\u00e4dagogische Musikfachhochschule 1981 Diplom Musikp\u00e4dagogin Seit 1981 Lehrerin f\u00fcr Klavier, Akkordeon und Keyboard 1990 Ausreise nach Deutschland 1991 Anerkennung des Diploms durch Rd. Erl. D. Kultusministers des Landes Nordrhein-Westfalen M\u00fcnster Seit 1993 Kirchenmusikerin in der Ev.-ref. Kirchengemeinde L\u00fcdenhausen 1993-1995 Orgelunterricht beim Kreiskantor W. &hellip; <\/p>\n<p class=\"link-more\"><a href=\"https:\/\/polizeichor-detmold.de\/?page_id=70\" class=\"more-link\"><span class=\"screen-reader-text\">\u201eChorleiterin &#8211; Erinnerungen &#8211;\u201c <\/span>weiterlesen<\/a><\/p>\n","protected":false},"author":2,"featured_media":0,"parent":36,"menu_order":2,"comment_status":"closed","ping_status":"closed","template":"","meta":{"footnotes":""},"class_list":["post-70","page","type-page","status-publish","hentry"],"_links":{"self":[{"href":"https:\/\/polizeichor-detmold.de\/index.php?rest_route=\/wp\/v2\/pages\/70","targetHints":{"allow":["GET"]}}],"collection":[{"href":"https:\/\/polizeichor-detmold.de\/index.php?rest_route=\/wp\/v2\/pages"}],"about":[{"href":"https:\/\/polizeichor-detmold.de\/index.php?rest_route=\/wp\/v2\/types\/page"}],"author":[{"embeddable":true,"href":"https:\/\/polizeichor-detmold.de\/index.php?rest_route=\/wp\/v2\/users\/2"}],"replies":[{"embeddable":true,"href":"https:\/\/polizeichor-detmold.de\/index.php?rest_route=%2Fwp%2Fv2%2Fcomments&post=70"}],"version-history":[{"count":16,"href":"https:\/\/polizeichor-detmold.de\/index.php?rest_route=\/wp\/v2\/pages\/70\/revisions"}],"predecessor-version":[{"id":640,"href":"https:\/\/polizeichor-detmold.de\/index.php?rest_route=\/wp\/v2\/pages\/70\/revisions\/640"}],"up":[{"embeddable":true,"href":"https:\/\/polizeichor-detmold.de\/index.php?rest_route=\/wp\/v2\/pages\/36"}],"wp:attachment":[{"href":"https:\/\/polizeichor-detmold.de\/index.php?rest_route=%2Fwp%2Fv2%2Fmedia&parent=70"}],"curies":[{"name":"wp","href":"https:\/\/api.w.org\/{rel}","templated":true}]}}