{"id":60,"date":"2018-10-25T15:41:47","date_gmt":"2018-10-25T15:41:47","guid":{"rendered":"http:\/\/polizeichor-detmold.de\/?page_id=60"},"modified":"2018-10-25T16:00:21","modified_gmt":"2018-10-25T16:00:21","slug":"erste-lieder-und-reisen","status":"publish","type":"page","link":"https:\/\/polizeichor-detmold.de\/?page_id=60","title":{"rendered":"Erste Lieder und Reisen"},"content":{"rendered":"<p><span style=\"color: #000000;\">\u201e<span style=\"font-family: Open Sans, sans-serif;\"><span style=\"font-size: medium;\"><em>Unsere ersten \u00f6ffentlichen Auftritte<\/em>\u201c, das hat <strong>Hans J\u00fcrgens<\/strong> nachgeschlagen, \u201e <em>fanden schon im April und Juni des Gr\u00fcndungsjahres statt. Wir haben beim Stiftungsfest des MGV Bentrup-Lo\u00dfbruch und beim 60. Jubil\u00e4um des MGV Remmighausen gesungen. Unsere ersten Lieder `Am k\u00fchlenden Morgen&#8230;` und `Heimat&#8230;`, die auch nach 50 Jahren noch zu unserem Repertoire geh\u00f6ren, kamen an. Wir merkten auch hier, dass wir uns mit anderen Ch\u00f6ren gut messen lassen konnten. Im November 1952 haben wir den 6. Gr\u00fcndungstag des Polizei-Sport-Vereins Detmold im Kurhaus `Zum Stern` in Bad Meinberg musikalisch umrahmt.<\/em>\u201c<\/span><\/span><\/span><\/p>\n<p><span style=\"color: #000000;\"><span style=\"font-family: Open Sans, sans-serif;\"><span style=\"font-size: medium;\">Eine gr\u00f6\u00dfere Reise, auch schon im September <strong>1952,<\/strong> ging zum <strong>Bundesfreundschaftssingen<\/strong> der <strong>Polizei-Gesang-Vereine<\/strong> nach <strong>K\u00f6ln.<\/strong> Dabei war wieder ein Vergleich m\u00f6glich, der mit Bravour bestanden wurde. Aber wenn man schon am viel besungenen Rhein weilt, darf auch der Wein nicht fehlen.<\/span><\/span><\/span><\/p>\n<p><span style=\"color: #000000;\"><span style=\"font-family: Open Sans, sans-serif;\"><span style=\"font-size: medium;\"><b>Manfred Trauf <\/b>hat ganz spezielle Erinnerungen daran: \u201e<em>Beim Abstecher an die Ahr, beim Rotwein in den `blumigen` Kellergew\u00f6lben, vor weinseligen Zechern haben wir so viele Lieder a capella gesungen, ja geschmettert, dass am n\u00e4chsten Morgen Vielen die Stimme versagte. F\u00fcr die Heimfahrt brauchten wir sie auch nicht mehr<\/em>.\u201c<\/span><\/span><\/span><\/p>\n<p><span style=\"color: #000000;\"><span style=\"font-family: Open Sans, sans-serif;\"><span style=\"font-size: medium;\">Kurz nach der Gr\u00fcndung tritt der Polizei-Gesang-Verein dem im Mai <strong>1952<\/strong> gegr\u00fcndeten <strong>S\u00e4ngerbund der Deutschen Polizei<\/strong> bei. Im Januar <strong>1953<\/strong> wird er <strong>Mitglied des Lippischen S\u00e4ngerbundes<\/strong>. Die erste <strong>Jahreshauptversammlung<\/strong> nach der Gr\u00fcndung beschlie\u00dft am 13. Februar <strong>1953,<\/strong> dass <strong>nicht nur Polizeibedienstete<\/strong>, sondern <strong>alle B\u00fcrger Zugang<\/strong> zum Verein erhalten.<\/span><\/span><\/span><\/p>\n<p><span style=\"color: #000000;\"><span style=\"font-family: Open Sans, sans-serif;\"><span style=\"font-size: medium;\">Damit ist nach zw\u00f6lf Monaten die Gr\u00fcndungsphase abgeschlossen.<\/span><\/span><\/span><\/p>\n<ul>\n<li>\u00a0<a href=\"\/?page_id=62\">Ein Fazit<\/a><\/li>\n<\/ul>\n","protected":false},"excerpt":{"rendered":"<p>\u201eUnsere ersten \u00f6ffentlichen Auftritte\u201c, das hat Hans J\u00fcrgens nachgeschlagen, \u201e fanden schon im April und Juni des Gr\u00fcndungsjahres statt. Wir haben beim Stiftungsfest des MGV Bentrup-Lo\u00dfbruch und beim 60. Jubil\u00e4um des MGV Remmighausen gesungen. Unsere ersten Lieder `Am k\u00fchlenden Morgen&#8230;` und `Heimat&#8230;`, die auch nach 50 Jahren noch zu unserem Repertoire geh\u00f6ren, kamen an. Wir &hellip; <\/p>\n<p class=\"link-more\"><a href=\"https:\/\/polizeichor-detmold.de\/?page_id=60\" class=\"more-link\"><span class=\"screen-reader-text\">\u201eErste Lieder und Reisen\u201c <\/span>weiterlesen<\/a><\/p>\n","protected":false},"author":2,"featured_media":0,"parent":52,"menu_order":4,"comment_status":"closed","ping_status":"closed","template":"","meta":{"footnotes":""},"class_list":["post-60","page","type-page","status-publish","hentry"],"_links":{"self":[{"href":"https:\/\/polizeichor-detmold.de\/index.php?rest_route=\/wp\/v2\/pages\/60","targetHints":{"allow":["GET"]}}],"collection":[{"href":"https:\/\/polizeichor-detmold.de\/index.php?rest_route=\/wp\/v2\/pages"}],"about":[{"href":"https:\/\/polizeichor-detmold.de\/index.php?rest_route=\/wp\/v2\/types\/page"}],"author":[{"embeddable":true,"href":"https:\/\/polizeichor-detmold.de\/index.php?rest_route=\/wp\/v2\/users\/2"}],"replies":[{"embeddable":true,"href":"https:\/\/polizeichor-detmold.de\/index.php?rest_route=%2Fwp%2Fv2%2Fcomments&post=60"}],"version-history":[{"count":2,"href":"https:\/\/polizeichor-detmold.de\/index.php?rest_route=\/wp\/v2\/pages\/60\/revisions"}],"predecessor-version":[{"id":69,"href":"https:\/\/polizeichor-detmold.de\/index.php?rest_route=\/wp\/v2\/pages\/60\/revisions\/69"}],"up":[{"embeddable":true,"href":"https:\/\/polizeichor-detmold.de\/index.php?rest_route=\/wp\/v2\/pages\/52"}],"wp:attachment":[{"href":"https:\/\/polizeichor-detmold.de\/index.php?rest_route=%2Fwp%2Fv2%2Fmedia&parent=60"}],"curies":[{"name":"wp","href":"https:\/\/api.w.org\/{rel}","templated":true}]}}