{"id":6,"date":"2018-10-22T16:46:29","date_gmt":"2018-10-22T16:46:29","guid":{"rendered":"http:\/\/neu.polizeichor-detmold.de\/?page_id=6"},"modified":"2023-05-19T08:43:31","modified_gmt":"2023-05-19T08:43:31","slug":"polizeichor-detmold-e-v","status":"publish","type":"page","link":"https:\/\/polizeichor-detmold.de\/","title":{"rendered":"Wir sagen &#8220; Auf Wiedersehen&#8220;!"},"content":{"rendered":"<p><span style=\"font-size: revert;\"><strong><span id=\"page3R_mcid0\" class=\"markedContent\"><span dir=\"ltr\" role=\"presentation\">Polizeichor Detmold sagt \u201eAuf Wiedersehen\u201c<\/span><\/span><span id=\"page3R_mcid1\" class=\"markedContent\"><\/span><\/strong><span id=\"page3R_mcid2\" class=\"markedContent\"><br role=\"presentation\" \/><span dir=\"ltr\" role=\"presentation\">Nach etwas mehr als 70 Jahren Vereinsbestehen verabschiedet sich der Polizeichor<\/span><br role=\"presentation\" \/><span dir=\"ltr\" role=\"presentation\">Detmold e. V. aus der lippischen Chorszene.<\/span><br role=\"presentation\" \/><span dir=\"ltr\" role=\"presentation\">In j\u00fcngster Zeit haben krankheitsbedingte Ausf\u00e4lle, das Ausscheiden der Chorleiterin,<\/span><br role=\"presentation\" \/><span dir=\"ltr\" role=\"presentation\">die Corona-Pandemie, sowie die fortschreitende \u00dcberalterung der aktiven S\u00e4nger die<\/span><br role=\"presentation\" \/><span dir=\"ltr\" role=\"presentation\">Konzertf\u00e4higkeit des Chores so stark beeintr\u00e4chtigt, dass S\u00e4nger und Vorstand f\u00fcr<\/span><br role=\"presentation\" \/><span dir=\"ltr\" role=\"presentation\">die Zukunft keine Perspektive mehr f\u00fcr den Fortbestand des Chores sehen. Daher<\/span><br role=\"presentation\" \/><span dir=\"ltr\" role=\"presentation\">wurde in einer au\u00dferordentlichen Mitgliederversammlung am 20.02.2023<\/span><br role=\"presentation\" \/><span dir=\"ltr\" role=\"presentation\">beschlossen, den Verein aufzul\u00f6sen.<\/span><\/span><span id=\"page3R_mcid3\" class=\"markedContent\"><\/span><span id=\"page3R_mcid4\" class=\"markedContent\"><br role=\"presentation\" \/><span dir=\"ltr\" role=\"presentation\">Seinem treuen Publikum, das ihn<\/span> <span dir=\"ltr\" role=\"presentation\">\u2013<\/span> <span dir=\"ltr\" role=\"presentation\">vor allem bei seinen traditionsreichen<\/span><br role=\"presentation\" \/><span dir=\"ltr\" role=\"presentation\">Pfingstkonzerten<\/span> <span dir=\"ltr\" role=\"presentation\">\u2013<\/span> <span dir=\"ltr\" role=\"presentation\">immer sehr zahlreich und begeistert unterst\u00fctzt hat, sagt der<\/span><br role=\"presentation\" \/><span dir=\"ltr\" role=\"presentation\">Polizeichor Detmold e. V. auf diesem Wege ein gro\u00dfes und herzliches Dankesch\u00f6n.<\/span><\/span><span id=\"page3R_mcid5\" class=\"markedContent\"><br role=\"presentation\" \/><span dir=\"ltr\" role=\"presentation\">Dieser Dank bezieht sich au\u00dferdem auf alle Unterst\u00fctzer des Chores, die seine<\/span><br role=\"presentation\" \/><span dir=\"ltr\" role=\"presentation\">Konzerte in dem gro\u00dfen Umfang erst erm\u00f6glicht haben.<\/span><br role=\"presentation\" \/><span dir=\"ltr\" role=\"presentation\">Stellvertretend f\u00fcr alle sei hier an erster Stelle das Team der Detmolder Stadthalle<\/span><br role=\"presentation\" \/><span dir=\"ltr\" role=\"presentation\">genannt.<\/span><br role=\"presentation\" \/><span dir=\"ltr\" role=\"presentation\">Auch seinem Schirmherrn<\/span> <span dir=\"ltr\" role=\"presentation\">\u2013<\/span> <span dir=\"ltr\" role=\"presentation\">Herrn Landrat Dr. Axel Lehmann<\/span> <span dir=\"ltr\" role=\"presentation\">\u2013<\/span> <span dir=\"ltr\" role=\"presentation\">dankt der Chor; hat<\/span><br role=\"presentation\" \/><span dir=\"ltr\" role=\"presentation\">er doch durch die Bereitstellung des Kreistagssitzungssaales f\u00fcr die Probenarbeit<\/span><br role=\"presentation\" \/><span dir=\"ltr\" role=\"presentation\">einen wesentlichen Teil zum Erfolg des Polizeichores beigetragen.<\/span><br role=\"presentation\" \/><span dir=\"ltr\" role=\"presentation\">Die S\u00e4nger danken ferner allen befreundeten Polizeich\u00f6ren, sowie Ch\u00f6ren aus der<\/span><br role=\"presentation\" \/><span dir=\"ltr\" role=\"presentation\">Region und den unterschiedlichen Musikformationen, die \u00fcber die Jahre ebenfalls<\/span><br role=\"presentation\" \/><span dir=\"ltr\" role=\"presentation\">durch ihre Mitwirkung bei den Konzerten den Erfolg des Chores gew\u00e4hrleistet haben.<\/span><\/span><span id=\"page3R_mcid6\" class=\"markedContent\"><br role=\"presentation\" \/><span dir=\"ltr\" role=\"presentation\">Da alles auf der Welt nun mal<\/span> <span dir=\"ltr\" role=\"presentation\">seine<\/span> <span dir=\"ltr\" role=\"presentation\">Zeit hat, hei\u00dft es f\u00fcr den Polizeichor Detmold e.<\/span><br role=\"presentation\" \/><span dir=\"ltr\" role=\"presentation\">V. jetzt mit \u201eeinem lachenden und einem weinenden Auge\u201c in leichter Abwandlung<\/span><br role=\"presentation\" \/><span dir=\"ltr\" role=\"presentation\">des Polizeis\u00e4ngergru\u00dfes<\/span><\/span><span id=\"page3R_mcid7\" class=\"markedContent\"><\/span><span id=\"page3R_mcid8\" class=\"markedContent\"><br role=\"presentation\" \/><strong><span dir=\"ltr\" role=\"presentation\">Wo froh Musik erklang<\/span><\/strong><br role=\"presentation\" \/><strong><span dir=\"ltr\" role=\"presentation\">und man mit Freuden sang,<\/span><\/strong><br role=\"presentation\" \/><strong><span dir=\"ltr\" role=\"presentation\">war Ihre Polizei<\/span><\/strong><br role=\"presentation\" \/><strong><span dir=\"ltr\" role=\"presentation\">mit Herz und Stimm\u2018 dabei<\/span><\/strong><\/span><\/span><\/p>\n<p><strong>ERINNERUNGEN\u00a0 an &#8222;ALTE ZEITEN&#8220;<\/strong><\/p>\n\n<ul class=\"wp-block-latest-posts__list alignleft wp-block-latest-posts\"><\/ul>\n\n\n<p><\/p>\n","protected":false},"excerpt":{"rendered":"<p>Polizeichor Detmold sagt \u201eAuf Wiedersehen\u201cNach etwas mehr als 70 Jahren Vereinsbestehen verabschiedet sich der PolizeichorDetmold e. V. aus der lippischen Chorszene.In j\u00fcngster Zeit haben krankheitsbedingte Ausf\u00e4lle, das Ausscheiden der Chorleiterin,die Corona-Pandemie, sowie die fortschreitende \u00dcberalterung der aktiven S\u00e4nger dieKonzertf\u00e4higkeit des Chores so stark beeintr\u00e4chtigt, dass S\u00e4nger und Vorstand f\u00fcrdie Zukunft keine Perspektive mehr f\u00fcr den &hellip; <\/p>\n<p class=\"link-more\"><a href=\"https:\/\/polizeichor-detmold.de\/\" class=\"more-link\"><span class=\"screen-reader-text\">\u201eWir sagen &#8220; Auf Wiedersehen&#8220;!\u201c <\/span>weiterlesen<\/a><\/p>\n","protected":false},"author":2,"featured_media":0,"parent":0,"menu_order":0,"comment_status":"closed","ping_status":"closed","template":"","meta":{"footnotes":""},"class_list":["post-6","page","type-page","status-publish","hentry"],"_links":{"self":[{"href":"https:\/\/polizeichor-detmold.de\/index.php?rest_route=\/wp\/v2\/pages\/6","targetHints":{"allow":["GET"]}}],"collection":[{"href":"https:\/\/polizeichor-detmold.de\/index.php?rest_route=\/wp\/v2\/pages"}],"about":[{"href":"https:\/\/polizeichor-detmold.de\/index.php?rest_route=\/wp\/v2\/types\/page"}],"author":[{"embeddable":true,"href":"https:\/\/polizeichor-detmold.de\/index.php?rest_route=\/wp\/v2\/users\/2"}],"replies":[{"embeddable":true,"href":"https:\/\/polizeichor-detmold.de\/index.php?rest_route=%2Fwp%2Fv2%2Fcomments&post=6"}],"version-history":[{"count":49,"href":"https:\/\/polizeichor-detmold.de\/index.php?rest_route=\/wp\/v2\/pages\/6\/revisions"}],"predecessor-version":[{"id":618,"href":"https:\/\/polizeichor-detmold.de\/index.php?rest_route=\/wp\/v2\/pages\/6\/revisions\/618"}],"wp:attachment":[{"href":"https:\/\/polizeichor-detmold.de\/index.php?rest_route=%2Fwp%2Fv2%2Fmedia&parent=6"}],"curies":[{"name":"wp","href":"https:\/\/api.w.org\/{rel}","templated":true}]}}