{"id":52,"date":"2018-10-25T15:31:04","date_gmt":"2018-10-25T15:31:04","guid":{"rendered":"http:\/\/polizeichor-detmold.de\/?page_id=52"},"modified":"2023-10-13T09:09:02","modified_gmt":"2023-10-13T09:09:02","slug":"historie","status":"publish","type":"page","link":"https:\/\/polizeichor-detmold.de\/?page_id=52","title":{"rendered":"Historie &#8211; Erinnerungen an den ehemaligen Chor"},"content":{"rendered":"<p><span style=\"color: #000000;\"><span style=\"font-family: Open Sans, sans-serif;\"><span style=\"font-size: medium;\">Der Polizeichor Detmold e.V. wurde\u00a0 am <strong>30. Januar 1952<\/strong>\u00a0<\/span><\/span><\/span><span style=\"color: #000000; font-family: 'Open Sans', sans-serif; font-size: medium;\">gegr\u00fcndet.\u00a0<\/span><span style=\"color: #000000;\"><span style=\"font-family: Open Sans, sans-serif;\"><span style=\"font-size: medium;\">Beim 50j\u00e4hrigen Jubil\u00e4um konnten noch Zeitzeugen befragt werden. Drei von ihnen haben in ihren <strong>Erinnerungen<\/strong> und in privaten <strong>Unterlagen<\/strong> gekramt. Das Ergebnis ist erstaunlich. Das <strong>Gr\u00fcndungsjahr<\/strong> wird wieder lebendig.<br \/>\n<\/span><\/span><\/span><\/p>\n<p><span style=\"color: #000000;\">\u201e<span style=\"font-family: Open Sans, sans-serif;\"><span style=\"font-size: medium;\"><em>Nach einer l\u00e4ngeren dienstlichen Unterweisung im Herbst 1951 lud uns der Kollege Winter, er war Polizei-Einzelposten in Herrentrup, zu seiner Silberhochzeit ein. Wir verabredeten, da wir ja alle in der damaligen Zeit nichts hatten, statt der \u00fcblichen Geschenke, ihm unsere Stimmen zu schenken. Ein St\u00e4ndchen zu bringen, so sagt man, zu singen. Wir wollten aber nicht nur einstimmig vortragen, nein, mehrstimmig wollten wir es schon machen, denn im Kollegenkreis waren einige gute Stimmen im Tenor und Bass vorhanden. Es musste also ein Fachmann gefunden werden, der unsere Stimmen zusammenf\u00fchren konnte.\u00a0<\/em><em>Der damalige Kripochef, Gustav Solle wusste auch gleich wer das machen k\u00f6nnte. Er sprach mit seinem Nachbarn, dem Musiklehrer Helmut Korte, der sofort einwilligte, diese Arbeit zu \u00fcbernehmen. Es klappte alles gut und, was wichtig war, es hat uns auch Spa\u00df gemacht.\u00a0Helmut Korte wurde dann auch der 1. Chorleiter des sich aus diesem &#8218;St\u00e4ndchensingen&#8216; bildenden Polizeichor<\/em>\u201c, s<\/span><\/span><\/span><span style=\"color: #000000;\"><span style=\"font-family: Open Sans, sans-serif;\"><span style=\"font-size: medium;\">o erinnert sich <em><strong>Manfred Trauf<\/strong><\/em> an die Vorbereitung auf den allerersten Auftritt, der dann im November <strong>1951<\/strong> im \u201e<em><strong>Sauren-Krug<\/strong><\/em>\u201c in <strong><em>Herrentrup<\/em><\/strong> ein voller Erfolg wurde.<br \/>\n<em><strong>Hans J\u00fcrgens<\/strong><\/em>: \u201e<em>Die Proben aus diesem Anlass und der Beifall des Publikums machten uns Mut. Es sollte nicht bei diesem einmaligen Ereignis bleiben.<\/em>&#8220; <\/span><\/span><\/span><\/p>\n<p><span style=\"color: #000000;\"><span style=\"font-family: Open Sans, sans-serif;\"><span style=\"font-size: medium;\">Aber noch waren die sangesfreudigen Polizeiangeh\u00f6rigen nur eine <strong>lockere Gemeinschaft,<\/strong> noch kein ordentlicher Verein mit Vorstand und Statut. Doch der lie\u00df nicht lange auf sich warten.<\/span><\/span><\/span><\/p>\n<ul>\n<li><a href=\"\/?page_id=54\">Die Gr\u00fcndung<\/a><\/li>\n<\/ul>\n","protected":false},"excerpt":{"rendered":"<p>Der Polizeichor Detmold e.V. wurde\u00a0 am 30. Januar 1952\u00a0gegr\u00fcndet.\u00a0Beim 50j\u00e4hrigen Jubil\u00e4um konnten noch Zeitzeugen befragt werden. Drei von ihnen haben in ihren Erinnerungen und in privaten Unterlagen gekramt. Das Ergebnis ist erstaunlich. Das Gr\u00fcndungsjahr wird wieder lebendig. \u201eNach einer l\u00e4ngeren dienstlichen Unterweisung im Herbst 1951 lud uns der Kollege Winter, er war Polizei-Einzelposten in Herrentrup, &hellip; <\/p>\n<p class=\"link-more\"><a href=\"https:\/\/polizeichor-detmold.de\/?page_id=52\" class=\"more-link\"><span class=\"screen-reader-text\">\u201eHistorie &#8211; Erinnerungen an den ehemaligen Chor\u201c <\/span>weiterlesen<\/a><\/p>\n","protected":false},"author":2,"featured_media":0,"parent":0,"menu_order":0,"comment_status":"closed","ping_status":"closed","template":"","meta":{"footnotes":""},"class_list":["post-52","page","type-page","status-publish","hentry"],"_links":{"self":[{"href":"https:\/\/polizeichor-detmold.de\/index.php?rest_route=\/wp\/v2\/pages\/52","targetHints":{"allow":["GET"]}}],"collection":[{"href":"https:\/\/polizeichor-detmold.de\/index.php?rest_route=\/wp\/v2\/pages"}],"about":[{"href":"https:\/\/polizeichor-detmold.de\/index.php?rest_route=\/wp\/v2\/types\/page"}],"author":[{"embeddable":true,"href":"https:\/\/polizeichor-detmold.de\/index.php?rest_route=\/wp\/v2\/users\/2"}],"replies":[{"embeddable":true,"href":"https:\/\/polizeichor-detmold.de\/index.php?rest_route=%2Fwp%2Fv2%2Fcomments&post=52"}],"version-history":[{"count":3,"href":"https:\/\/polizeichor-detmold.de\/index.php?rest_route=\/wp\/v2\/pages\/52\/revisions"}],"predecessor-version":[{"id":630,"href":"https:\/\/polizeichor-detmold.de\/index.php?rest_route=\/wp\/v2\/pages\/52\/revisions\/630"}],"wp:attachment":[{"href":"https:\/\/polizeichor-detmold.de\/index.php?rest_route=%2Fwp%2Fv2%2Fmedia&parent=52"}],"curies":[{"name":"wp","href":"https:\/\/api.w.org\/{rel}","templated":true}]}}